{"id":118,"date":"2019-03-26T08:55:24","date_gmt":"2019-03-26T07:55:24","guid":{"rendered":"https:\/\/mashreq-maghreb.sorbonne-universite.fr\/?page_id=118"},"modified":"2019-10-10T14:25:42","modified_gmt":"2019-10-10T12:25:42","slug":"le-projet","status":"publish","type":"page","link":"https:\/\/mashreq-maghreb.sorbonne-universite.fr\/?page_id=118","title":{"rendered":"Le projet"},"content":{"rendered":"\t\t<div data-elementor-type=\"wp-post\" data-elementor-id=\"118\" class=\"elementor elementor-118\">\n\t\t\t\t\t\t<section class=\"elementor-section elementor-top-section elementor-element elementor-element-6fc50c4 elementor-section-boxed elementor-section-height-default elementor-section-height-default\" data-id=\"6fc50c4\" data-element_type=\"section\">\n\t\t\t\t\t\t<div class=\"elementor-container elementor-column-gap-default\">\n\t\t\t\t\t<div class=\"elementor-column elementor-col-100 elementor-top-column elementor-element elementor-element-dbfacb0\" data-id=\"dbfacb0\" data-element_type=\"column\">\n\t\t\t<div class=\"elementor-widget-wrap elementor-element-populated\">\n\t\t\t\t\t\t<div class=\"elementor-element elementor-element-adcaac3 elementor-widget elementor-widget-text-editor\" data-id=\"adcaac3\" data-element_type=\"widget\" data-widget_type=\"text-editor.default\">\n\t\t\t\t<div class=\"elementor-widget-container\">\n\t\t\t\t\t\t\t\t\t<p>Mashreq-Maghreb est un programme du laboratoire \u00ab Islam m\u00e9di\u00e9val \u00bb de l\u2019UMR 8167-Orient et M\u00e9diterran\u00e9e. A l&rsquo;initiative de Marianne Barrucand, ce programme franco-allemand a pour principal objectif d\u2019offrir \u00e0 la communaut\u00e9 des chercheurs et doctorants une riche documentation visuelle concernant l\u2019art islamique (architecture, arts du livre et arts mobiliers) de l\u2019Espagne \u00e0 l\u2019Inde, du 7\u00e8me au 19\u00e8me si\u00e8cle. Il est aujourd&rsquo;hui co-dirig\u00e9 par Elo\u00efse Brac de la Perri\u00e8re, ma\u00eetre de conf\u00e9rence (HDR) \u00e0 Sorbonne-Universit\u00e9 (Paris IV) et H\u00e9l\u00e8ne Renel (CNRS &#8211; Orient et M\u00e9diterran\u00e9e).<\/p><p>Un fonds documentaire a \u00e9t\u00e9 constitu\u00e9 sous la forme d\u2019une diapoth\u00e8que. H\u00e9berg\u00e9e \u00e0 l\u2019Institut d\u2019Art et d\u2019Arch\u00e9ologie, elle contient pr\u00e8s de 50 000 clich\u00e9s et est ouverte au public. La num\u00e9risation et l\u2019indexation du fonds documentaire au sein d\u2019une base de donn\u00e9es permet une interrogation simple ou crois\u00e9e et une consultation \u00e0 distance.<\/p>\t\t\t\t\t\t\t\t<\/div>\n\t\t\t\t<\/div>\n\t\t\t\t\t<\/div>\n\t\t<\/div>\n\t\t\t\t\t<\/div>\n\t\t<\/section>\n\t\t\t\t<section class=\"elementor-section elementor-top-section elementor-element elementor-element-ed42de4 elementor-section-boxed elementor-section-height-default elementor-section-height-default\" data-id=\"ed42de4\" data-element_type=\"section\">\n\t\t\t\t\t\t<div class=\"elementor-container elementor-column-gap-default\">\n\t\t\t\t\t<div class=\"elementor-column elementor-col-100 elementor-top-column elementor-element elementor-element-b9e4366\" data-id=\"b9e4366\" data-element_type=\"column\">\n\t\t\t<div class=\"elementor-widget-wrap elementor-element-populated\">\n\t\t\t\t\t\t<section class=\"elementor-section elementor-inner-section elementor-element elementor-element-a895ebf elementor-section-boxed elementor-section-height-default elementor-section-height-default\" data-id=\"a895ebf\" data-element_type=\"section\">\n\t\t\t\t\t\t<div class=\"elementor-container elementor-column-gap-default\">\n\t\t\t\t\t<div class=\"elementor-column elementor-col-50 elementor-inner-column elementor-element elementor-element-7f7efc3\" data-id=\"7f7efc3\" data-element_type=\"column\">\n\t\t\t<div class=\"elementor-widget-wrap elementor-element-populated\">\n\t\t\t\t\t\t<div class=\"elementor-element elementor-element-646e21a elementor-widget elementor-widget-image\" data-id=\"646e21a\" data-element_type=\"widget\" data-widget_type=\"image.default\">\n\t\t\t\t<div class=\"elementor-widget-container\">\n\t\t\t\t\t\t\t\t\t\t\t\t\t\t\t\t<a href=\"https:\/\/mashreq-maghreb.sorbonne-universite.fr\/?page_id=153\">\n\t\t\t\t\t\t\t<img fetchpriority=\"high\" decoding=\"async\" width=\"640\" height=\"640\" src=\"https:\/\/mashreq-maghreb.sorbonne-universite.fr\/wp-content\/uploads\/2019\/10\/Copie-de-Biographie-de-Marianne-Barrucand-1024x1024.png\" class=\"attachment-large size-large wp-image-800\" alt=\"\" srcset=\"https:\/\/mashreq-maghreb.sorbonne-universite.fr\/wp-content\/uploads\/2019\/10\/Copie-de-Biographie-de-Marianne-Barrucand-1024x1024.png 1024w, https:\/\/mashreq-maghreb.sorbonne-universite.fr\/wp-content\/uploads\/2019\/10\/Copie-de-Biographie-de-Marianne-Barrucand-150x150.png 150w, https:\/\/mashreq-maghreb.sorbonne-universite.fr\/wp-content\/uploads\/2019\/10\/Copie-de-Biographie-de-Marianne-Barrucand-300x300.png 300w, https:\/\/mashreq-maghreb.sorbonne-universite.fr\/wp-content\/uploads\/2019\/10\/Copie-de-Biographie-de-Marianne-Barrucand-768x768.png 768w, https:\/\/mashreq-maghreb.sorbonne-universite.fr\/wp-content\/uploads\/2019\/10\/Copie-de-Biographie-de-Marianne-Barrucand.png 1080w\" sizes=\"(max-width: 640px) 100vw, 640px\" \/>\t\t\t\t\t\t\t\t<\/a>\n\t\t\t\t\t\t\t\t\t\t\t\t\t\t\t<\/div>\n\t\t\t\t<\/div>\n\t\t\t\t\t<\/div>\n\t\t<\/div>\n\t\t\t\t<div class=\"elementor-column elementor-col-50 elementor-inner-column elementor-element elementor-element-271ae52\" data-id=\"271ae52\" data-element_type=\"column\">\n\t\t\t<div class=\"elementor-widget-wrap elementor-element-populated\">\n\t\t\t\t\t\t<div class=\"elementor-element elementor-element-75f3d01 elementor-widget elementor-widget-image\" data-id=\"75f3d01\" data-element_type=\"widget\" data-widget_type=\"image.default\">\n\t\t\t\t<div class=\"elementor-widget-container\">\n\t\t\t\t\t\t\t\t\t\t\t\t\t\t\t\t<a href=\"https:\/\/mashreq-maghreb.sorbonne-universite.fr\/?page_id=150\">\n\t\t\t\t\t\t\t<img decoding=\"async\" width=\"640\" height=\"640\" src=\"https:\/\/mashreq-maghreb.sorbonne-universite.fr\/wp-content\/uploads\/2019\/03\/Copie-de-Copie-de-Biographie-de-Marianne-Barrucand-1024x1024.png\" class=\"attachment-large size-large wp-image-314\" alt=\"\" srcset=\"https:\/\/mashreq-maghreb.sorbonne-universite.fr\/wp-content\/uploads\/2019\/03\/Copie-de-Copie-de-Biographie-de-Marianne-Barrucand-1024x1024.png 1024w, https:\/\/mashreq-maghreb.sorbonne-universite.fr\/wp-content\/uploads\/2019\/03\/Copie-de-Copie-de-Biographie-de-Marianne-Barrucand-150x150.png 150w, https:\/\/mashreq-maghreb.sorbonne-universite.fr\/wp-content\/uploads\/2019\/03\/Copie-de-Copie-de-Biographie-de-Marianne-Barrucand-300x300.png 300w, https:\/\/mashreq-maghreb.sorbonne-universite.fr\/wp-content\/uploads\/2019\/03\/Copie-de-Copie-de-Biographie-de-Marianne-Barrucand-768x768.png 768w, https:\/\/mashreq-maghreb.sorbonne-universite.fr\/wp-content\/uploads\/2019\/03\/Copie-de-Copie-de-Biographie-de-Marianne-Barrucand.png 1080w\" sizes=\"(max-width: 640px) 100vw, 640px\" \/>\t\t\t\t\t\t\t\t<\/a>\n\t\t\t\t\t\t\t\t\t\t\t\t\t\t\t<\/div>\n\t\t\t\t<\/div>\n\t\t\t\t\t<\/div>\n\t\t<\/div>\n\t\t\t\t\t<\/div>\n\t\t<\/section>\n\t\t\t\t\t<\/div>\n\t\t<\/div>\n\t\t\t\t\t<\/div>\n\t\t<\/section>\n\t\t\t\t<\/div>\n\t\t","protected":false},"excerpt":{"rendered":"<p>Mashreq-Maghreb est un programme du laboratoire \u00ab Islam m\u00e9di\u00e9val \u00bb de l\u2019UMR 8167-Orient et M\u00e9diterran\u00e9e. A l&rsquo;initiative de Marianne Barrucand, ce programme franco-allemand a pour principal objectif d\u2019offrir \u00e0 la communaut\u00e9 des chercheurs et doctorants une riche documentation visuelle concernant l\u2019art islamique (architecture, arts du livre et arts mobiliers) de l\u2019Espagne \u00e0 l\u2019Inde, du 7\u00e8me au 19\u00e8me si\u00e8cle. Il est aujourd&rsquo;hui co-dirig\u00e9 par Elo\u00efse Brac de la Perri\u00e8re, ma\u00eetre de conf\u00e9rence (HDR) \u00e0 Sorbonne-Universit\u00e9 (Paris IV) et H\u00e9l\u00e8ne Renel (CNRS &#8211; Orient et M\u00e9diterran\u00e9e). Un fonds documentaire a \u00e9t\u00e9 constitu\u00e9 sous la forme d\u2019une diapoth\u00e8que. H\u00e9berg\u00e9e \u00e0 l\u2019Institut d\u2019Art et\u2026<\/p>\n","protected":false},"author":2,"featured_media":0,"parent":0,"menu_order":0,"comment_status":"closed","ping_status":"closed","template":"","meta":{"sfsi_plus_gutenberg_text_before_share":"","sfsi_plus_gutenberg_show_text_before_share":"","sfsi_plus_gutenberg_icon_type":"","sfsi_plus_gutenberg_icon_alignemt":"","sfsi_plus_gutenburg_max_per_row":"","footnotes":""},"class_list":["post-118","page","type-page","status-publish","hentry"],"_links":{"self":[{"href":"https:\/\/mashreq-maghreb.sorbonne-universite.fr\/index.php?rest_route=\/wp\/v2\/pages\/118","targetHints":{"allow":["GET"]}}],"collection":[{"href":"https:\/\/mashreq-maghreb.sorbonne-universite.fr\/index.php?rest_route=\/wp\/v2\/pages"}],"about":[{"href":"https:\/\/mashreq-maghreb.sorbonne-universite.fr\/index.php?rest_route=\/wp\/v2\/types\/page"}],"author":[{"embeddable":true,"href":"https:\/\/mashreq-maghreb.sorbonne-universite.fr\/index.php?rest_route=\/wp\/v2\/users\/2"}],"replies":[{"embeddable":true,"href":"https:\/\/mashreq-maghreb.sorbonne-universite.fr\/index.php?rest_route=%2Fwp%2Fv2%2Fcomments&post=118"}],"version-history":[{"count":6,"href":"https:\/\/mashreq-maghreb.sorbonne-universite.fr\/index.php?rest_route=\/wp\/v2\/pages\/118\/revisions"}],"predecessor-version":[{"id":801,"href":"https:\/\/mashreq-maghreb.sorbonne-universite.fr\/index.php?rest_route=\/wp\/v2\/pages\/118\/revisions\/801"}],"wp:attachment":[{"href":"https:\/\/mashreq-maghreb.sorbonne-universite.fr\/index.php?rest_route=%2Fwp%2Fv2%2Fmedia&parent=118"}],"curies":[{"name":"wp","href":"https:\/\/api.w.org\/{rel}","templated":true}]}}