{"id":121,"date":"2019-03-26T08:55:43","date_gmt":"2019-03-26T07:55:43","guid":{"rendered":"https:\/\/mashreq-maghreb.sorbonne-universite.fr\/?page_id=121"},"modified":"2019-04-10T08:36:42","modified_gmt":"2019-04-10T06:36:42","slug":"bases-de-donnees","status":"publish","type":"page","link":"https:\/\/mashreq-maghreb.sorbonne-universite.fr\/?page_id=121","title":{"rendered":"Bases de donn\u00e9es"},"content":{"rendered":"\t\t<div data-elementor-type=\"wp-post\" data-elementor-id=\"121\" class=\"elementor elementor-121\">\n\t\t\t\t\t\t<section class=\"elementor-section elementor-top-section elementor-element elementor-element-7983a9d elementor-section-boxed elementor-section-height-default elementor-section-height-default\" data-id=\"7983a9d\" data-element_type=\"section\">\n\t\t\t\t\t\t<div class=\"elementor-container elementor-column-gap-default\">\n\t\t\t\t\t<div class=\"elementor-column elementor-col-100 elementor-top-column elementor-element elementor-element-02efd89\" data-id=\"02efd89\" data-element_type=\"column\">\n\t\t\t<div class=\"elementor-widget-wrap elementor-element-populated\">\n\t\t\t\t\t\t<div class=\"elementor-element elementor-element-2f5b38a elementor-widget elementor-widget-text-editor\" data-id=\"2f5b38a\" data-element_type=\"widget\" data-widget_type=\"text-editor.default\">\n\t\t\t\t<div class=\"elementor-widget-container\">\n\t\t\t\t\t\t\t\t\t<p>La collection de la diapoth\u00e8que est num\u00e9ris\u00e9e et incr\u00e9ment\u00e9e dans des bases de donn\u00e9es accessibles au public. La premi\u00e8re offre un inventaire des\u00a0 monuments religieux, civils et militaires du monde islamique construits entre le 7\u00e8me et le 17\u00e8me si\u00e8cle. La seconde porte sur la culture mat\u00e9rielle islamique : objets en bois c\u00e9ramique, ivoire, m\u00e9tal, etc. produits de l\u2019Espagne \u00e0 l\u2019Inde.<\/p><p>La gestion informatique du fonds documentaire, a permis d\u2019allouer \u00e0 chaque image un nombre important de crit\u00e8res de recherches et de descripteurs et d\u2019en offrir ainsi une consultation ais\u00e9e. Elle rend possible des interrogations crois\u00e9es et th\u00e9matiques dans des termes propres \u00e0 l\u2019histoire de l\u2019art et \u00e0 l\u2019arch\u00e9ologie des pays d&rsquo;Islam.<\/p><div>\u00a0<\/div>\t\t\t\t\t\t\t\t<\/div>\n\t\t\t\t<\/div>\n\t\t\t\t\t<\/div>\n\t\t<\/div>\n\t\t\t\t\t<\/div>\n\t\t<\/section>\n\t\t\t\t<\/div>\n\t\t","protected":false},"excerpt":{"rendered":"<p>La collection de la diapoth\u00e8que est num\u00e9ris\u00e9e et incr\u00e9ment\u00e9e dans des bases de donn\u00e9es accessibles au public. La premi\u00e8re offre un inventaire des&nbsp; monuments religieux, civils et militaires du monde islamique construits entre le 7\u00e8me et le 17\u00e8me si\u00e8cle. La seconde porte sur la culture mat\u00e9rielle islamique : objets en bois c\u00e9ramique, ivoire, m\u00e9tal, etc. produits de l\u2019Espagne \u00e0 l\u2019Inde. La gestion informatique du fonds documentaire, a permis d\u2019allouer \u00e0 chaque image un nombre important de crit\u00e8res de recherches et de descripteurs et d\u2019en offrir ainsi une consultation ais\u00e9e. Elle rend possible des interrogations crois\u00e9es et th\u00e9matiques dans des termes\u2026<\/p>\n","protected":false},"author":2,"featured_media":0,"parent":0,"menu_order":0,"comment_status":"closed","ping_status":"closed","template":"","meta":{"sfsi_plus_gutenberg_text_before_share":"","sfsi_plus_gutenberg_show_text_before_share":"","sfsi_plus_gutenberg_icon_type":"","sfsi_plus_gutenberg_icon_alignemt":"","sfsi_plus_gutenburg_max_per_row":"","footnotes":""},"class_list":["post-121","page","type-page","status-publish","hentry"],"_links":{"self":[{"href":"https:\/\/mashreq-maghreb.sorbonne-universite.fr\/index.php?rest_route=\/wp\/v2\/pages\/121","targetHints":{"allow":["GET"]}}],"collection":[{"href":"https:\/\/mashreq-maghreb.sorbonne-universite.fr\/index.php?rest_route=\/wp\/v2\/pages"}],"about":[{"href":"https:\/\/mashreq-maghreb.sorbonne-universite.fr\/index.php?rest_route=\/wp\/v2\/types\/page"}],"author":[{"embeddable":true,"href":"https:\/\/mashreq-maghreb.sorbonne-universite.fr\/index.php?rest_route=\/wp\/v2\/users\/2"}],"replies":[{"embeddable":true,"href":"https:\/\/mashreq-maghreb.sorbonne-universite.fr\/index.php?rest_route=%2Fwp%2Fv2%2Fcomments&post=121"}],"version-history":[{"count":10,"href":"https:\/\/mashreq-maghreb.sorbonne-universite.fr\/index.php?rest_route=\/wp\/v2\/pages\/121\/revisions"}],"predecessor-version":[{"id":417,"href":"https:\/\/mashreq-maghreb.sorbonne-universite.fr\/index.php?rest_route=\/wp\/v2\/pages\/121\/revisions\/417"}],"wp:attachment":[{"href":"https:\/\/mashreq-maghreb.sorbonne-universite.fr\/index.php?rest_route=%2Fwp%2Fv2%2Fmedia&parent=121"}],"curies":[{"name":"wp","href":"https:\/\/api.w.org\/{rel}","templated":true}]}}