{"id":130,"date":"2019-03-26T08:56:26","date_gmt":"2019-03-26T07:56:26","guid":{"rendered":"https:\/\/mashreq-maghreb.sorbonne-universite.fr\/?page_id=130"},"modified":"2019-10-10T11:20:13","modified_gmt":"2019-10-10T09:20:13","slug":"contact","status":"publish","type":"page","link":"https:\/\/mashreq-maghreb.sorbonne-universite.fr\/?page_id=130","title":{"rendered":"Contact"},"content":{"rendered":"\t\t<div data-elementor-type=\"wp-post\" data-elementor-id=\"130\" class=\"elementor elementor-130\">\n\t\t\t\t\t\t<section class=\"elementor-section elementor-top-section elementor-element elementor-element-3ada288 elementor-section-boxed elementor-section-height-default elementor-section-height-default\" data-id=\"3ada288\" data-element_type=\"section\">\n\t\t\t\t\t\t<div class=\"elementor-container elementor-column-gap-default\">\n\t\t\t\t\t<div class=\"elementor-column elementor-col-100 elementor-top-column elementor-element elementor-element-b9d1449\" data-id=\"b9d1449\" data-element_type=\"column\">\n\t\t\t<div class=\"elementor-widget-wrap elementor-element-populated\">\n\t\t\t\t\t\t<section class=\"elementor-section elementor-inner-section elementor-element elementor-element-96600c2 elementor-section-boxed elementor-section-height-default elementor-section-height-default\" data-id=\"96600c2\" data-element_type=\"section\">\n\t\t\t\t\t\t<div class=\"elementor-container elementor-column-gap-default\">\n\t\t\t\t\t<div class=\"elementor-column elementor-col-50 elementor-inner-column elementor-element elementor-element-53fe8b1\" data-id=\"53fe8b1\" data-element_type=\"column\">\n\t\t\t<div class=\"elementor-widget-wrap elementor-element-populated\">\n\t\t\t\t\t\t<div class=\"elementor-element elementor-element-f77d963 elementor-view-default elementor-widget elementor-widget-icon\" data-id=\"f77d963\" data-element_type=\"widget\" data-widget_type=\"icon.default\">\n\t\t\t\t<div class=\"elementor-widget-container\">\n\t\t\t\t\t\t\t<div class=\"elementor-icon-wrapper\">\n\t\t\t<div class=\"elementor-icon\">\n\t\t\t\t\t\t\t<i class=\"fa fa-bookmark\" aria-hidden=\"true\"><\/i>\n\t\t\t\t\t\t<\/div>\n\t\t<\/div>\n\t\t\t\t\t\t<\/div>\n\t\t\t\t<\/div>\n\t\t\t\t<div class=\"elementor-element elementor-element-d36c4dc elementor-widget elementor-widget-text-editor\" data-id=\"d36c4dc\" data-element_type=\"widget\" data-widget_type=\"text-editor.default\">\n\t\t\t\t<div class=\"elementor-widget-container\">\n\t\t\t\t\t\t\t\t\t<h3 style=\"color: #6c573c; font-family: Verdana, Geneva, sans-serif; font-size: 11px; font-style: normal; font-variant-ligatures: normal; font-variant-caps: normal;\">Mme H\u00e9l\u00e8ne RENEL<\/h3><h3 style=\"color: #6c573c; font-family: Verdana, Geneva, sans-serif; font-size: 11px; font-style: normal; font-variant-ligatures: normal; font-variant-caps: normal;\"><span style=\"font-family: Verdana, Geneva, sans-serif; font-size: 11px; font-style: normal; font-variant-ligatures: normal; font-variant-caps: normal;\">Bu<\/span><span style=\"font-family: Verdana, Geneva, sans-serif; font-size: 11px; font-style: normal; font-variant-ligatures: normal; font-variant-caps: normal;\">r<\/span><span style=\"font-family: Verdana, Geneva, sans-serif; font-size: 11px; font-style: normal; font-variant-ligatures: normal; font-variant-caps: normal;\">eau des Arts de l\u2019Islam <span style=\"font-weight: normal;\">(4e \u00e9tage)<\/span><\/span><\/h3><p style=\"color: #6c573c; font-family: Verdana, Geneva, sans-serif; font-size: 11px; font-style: normal; font-variant-ligatures: normal; font-variant-caps: normal;\">Ins<span style=\"font-weight: 400;\">titut d\u2019Art et d\u2019Arch\u00e9ologie<br \/>3 rue Michelet<br \/>75006 Paris<\/span><\/p><p style=\"color: #6c573c; font-family: Verdana, Geneva, sans-serif; font-size: 11px; font-style: normal; font-variant-ligatures: normal; font-variant-caps: normal; font-weight: 400;\"><strong>T\u00e9l\u00e9phone\u00a0:<\/strong>\u00a0+33(0)1 53 73 71 47<\/p>\t\t\t\t\t\t\t\t<\/div>\n\t\t\t\t<\/div>\n\t\t\t\t<div class=\"elementor-element elementor-element-4f560ce elementor-align-center elementor-widget elementor-widget-button\" data-id=\"4f560ce\" data-element_type=\"widget\" data-widget_type=\"button.default\">\n\t\t\t\t<div class=\"elementor-widget-container\">\n\t\t\t\t\t\t\t\t\t<div class=\"elementor-button-wrapper\">\n\t\t\t\t\t<a class=\"elementor-button elementor-button-link elementor-size-sm\" href=\"mailto:helene.RENEL@cnrs.fr\">\n\t\t\t\t\t\t<span class=\"elementor-button-content-wrapper\">\n\t\t\t\t\t\t\t\t\t<span class=\"elementor-button-text\">Contacter<\/span>\n\t\t\t\t\t<\/span>\n\t\t\t\t\t<\/a>\n\t\t\t\t<\/div>\n\t\t\t\t\t\t\t\t<\/div>\n\t\t\t\t<\/div>\n\t\t\t\t\t<\/div>\n\t\t<\/div>\n\t\t\t\t<div class=\"elementor-column elementor-col-50 elementor-inner-column elementor-element elementor-element-60a53cf\" data-id=\"60a53cf\" data-element_type=\"column\">\n\t\t\t<div class=\"elementor-widget-wrap elementor-element-populated\">\n\t\t\t\t\t\t<div class=\"elementor-element elementor-element-66d973a elementor-widget elementor-widget-google_maps\" data-id=\"66d973a\" data-element_type=\"widget\" data-widget_type=\"google_maps.default\">\n\t\t\t\t<div class=\"elementor-widget-container\">\n\t\t\t\t\t\t\t<div class=\"elementor-custom-embed\">\n\t\t\t<iframe loading=\"lazy\"\n\t\t\t\t\tsrc=\"https:\/\/maps.google.com\/maps?q=Institut%20d%27Art%20et%20d%27Arch%C3%A9ologie&#038;t=m&#038;z=12&#038;output=embed&#038;iwloc=near\"\n\t\t\t\t\ttitle=\"Institut d&#039;Art et d&#039;Arch\u00e9ologie\"\n\t\t\t\t\taria-label=\"Institut d&#039;Art et d&#039;Arch\u00e9ologie\"\n\t\t\t><\/iframe>\n\t\t<\/div>\n\t\t\t\t\t\t<\/div>\n\t\t\t\t<\/div>\n\t\t\t\t\t<\/div>\n\t\t<\/div>\n\t\t\t\t\t<\/div>\n\t\t<\/section>\n\t\t\t\t\t<\/div>\n\t\t<\/div>\n\t\t\t\t\t<\/div>\n\t\t<\/section>\n\t\t\t\t<\/div>\n\t\t","protected":false},"excerpt":{"rendered":"<p>Mme H\u00e9l\u00e8ne RENEL Bureau des Arts de l\u2019Islam (4e \u00e9tage) Institut d\u2019Art et d\u2019Arch\u00e9ologie3 rue Michelet75006 Paris T\u00e9l\u00e9phone\u00a0:\u00a0+33(0)1 53 73 71 47 Contacter<\/p>\n","protected":false},"author":2,"featured_media":0,"parent":0,"menu_order":0,"comment_status":"closed","ping_status":"closed","template":"","meta":{"sfsi_plus_gutenberg_text_before_share":"","sfsi_plus_gutenberg_show_text_before_share":"","sfsi_plus_gutenberg_icon_type":"","sfsi_plus_gutenberg_icon_alignemt":"","sfsi_plus_gutenburg_max_per_row":"","footnotes":""},"class_list":["post-130","page","type-page","status-publish","hentry"],"_links":{"self":[{"href":"https:\/\/mashreq-maghreb.sorbonne-universite.fr\/index.php?rest_route=\/wp\/v2\/pages\/130","targetHints":{"allow":["GET"]}}],"collection":[{"href":"https:\/\/mashreq-maghreb.sorbonne-universite.fr\/index.php?rest_route=\/wp\/v2\/pages"}],"about":[{"href":"https:\/\/mashreq-maghreb.sorbonne-universite.fr\/index.php?rest_route=\/wp\/v2\/types\/page"}],"author":[{"embeddable":true,"href":"https:\/\/mashreq-maghreb.sorbonne-universite.fr\/index.php?rest_route=\/wp\/v2\/users\/2"}],"replies":[{"embeddable":true,"href":"https:\/\/mashreq-maghreb.sorbonne-universite.fr\/index.php?rest_route=%2Fwp%2Fv2%2Fcomments&post=130"}],"version-history":[{"count":6,"href":"https:\/\/mashreq-maghreb.sorbonne-universite.fr\/index.php?rest_route=\/wp\/v2\/pages\/130\/revisions"}],"predecessor-version":[{"id":604,"href":"https:\/\/mashreq-maghreb.sorbonne-universite.fr\/index.php?rest_route=\/wp\/v2\/pages\/130\/revisions\/604"}],"wp:attachment":[{"href":"https:\/\/mashreq-maghreb.sorbonne-universite.fr\/index.php?rest_route=%2Fwp%2Fv2%2Fmedia&parent=130"}],"curies":[{"name":"wp","href":"https:\/\/api.w.org\/{rel}","templated":true}]}}