{"id":159,"date":"2019-03-26T09:05:45","date_gmt":"2019-03-26T08:05:45","guid":{"rendered":"https:\/\/mashreq-maghreb.sorbonne-universite.fr\/?page_id=159"},"modified":"2019-10-10T14:41:34","modified_gmt":"2019-10-10T12:41:34","slug":"autre-base","status":"publish","type":"page","link":"https:\/\/mashreq-maghreb.sorbonne-universite.fr\/?page_id=159","title":{"rendered":"Base Culture mat\u00e9rielle\u200b"},"content":{"rendered":"\t\t<div data-elementor-type=\"wp-post\" data-elementor-id=\"159\" class=\"elementor elementor-159\">\n\t\t\t\t\t\t<section class=\"elementor-section elementor-top-section elementor-element elementor-element-bc6c2e5 elementor-section-boxed elementor-section-height-default elementor-section-height-default\" data-id=\"bc6c2e5\" data-element_type=\"section\">\n\t\t\t\t\t\t<div class=\"elementor-container elementor-column-gap-default\">\n\t\t\t\t\t<div class=\"elementor-column elementor-col-100 elementor-top-column elementor-element elementor-element-496821b\" data-id=\"496821b\" data-element_type=\"column\">\n\t\t\t<div class=\"elementor-widget-wrap elementor-element-populated\">\n\t\t\t\t\t\t<div class=\"elementor-element elementor-element-4fa7d37 elementor-widget elementor-widget-image\" data-id=\"4fa7d37\" data-element_type=\"widget\" data-widget_type=\"image.default\">\n\t\t\t\t<div class=\"elementor-widget-container\">\n\t\t\t\t\t\t\t\t\t\t\t\t<figure class=\"wp-caption\">\n\t\t\t\t\t\t\t\t\t\t<img fetchpriority=\"high\" decoding=\"async\" width=\"1293\" height=\"470\" src=\"https:\/\/mashreq-maghreb.sorbonne-universite.fr\/wp-content\/uploads\/2019\/10\/002.png\" class=\"attachment-full size-full wp-image-804\" alt=\"\" srcset=\"https:\/\/mashreq-maghreb.sorbonne-universite.fr\/wp-content\/uploads\/2019\/10\/002.png 1293w, https:\/\/mashreq-maghreb.sorbonne-universite.fr\/wp-content\/uploads\/2019\/10\/002-300x109.png 300w, https:\/\/mashreq-maghreb.sorbonne-universite.fr\/wp-content\/uploads\/2019\/10\/002-768x279.png 768w, https:\/\/mashreq-maghreb.sorbonne-universite.fr\/wp-content\/uploads\/2019\/10\/002-1024x372.png 1024w\" sizes=\"(max-width: 1293px) 100vw, 1293px\" \/>\t\t\t\t\t\t\t\t\t\t\t<figcaption class=\"widget-image-caption wp-caption-text\">Carreau de c\u00e9ramique timourid, Asie Centrale, fin du  XIVe si\u00e8cle<\/figcaption>\n\t\t\t\t\t\t\t\t\t\t<\/figure>\n\t\t\t\t\t\t\t\t\t<\/div>\n\t\t\t\t<\/div>\n\t\t\t\t\t<\/div>\n\t\t<\/div>\n\t\t\t\t\t<\/div>\n\t\t<\/section>\n\t\t\t\t<section class=\"elementor-section elementor-top-section elementor-element elementor-element-b33b072 elementor-section-boxed elementor-section-height-default elementor-section-height-default\" data-id=\"b33b072\" data-element_type=\"section\">\n\t\t\t\t\t\t<div class=\"elementor-container elementor-column-gap-default\">\n\t\t\t\t\t<div class=\"elementor-column elementor-col-100 elementor-top-column elementor-element elementor-element-d584afd\" data-id=\"d584afd\" data-element_type=\"column\">\n\t\t\t<div class=\"elementor-widget-wrap elementor-element-populated\">\n\t\t\t\t\t\t<div class=\"elementor-element elementor-element-abfb2b9 elementor-widget elementor-widget-text-editor\" data-id=\"abfb2b9\" data-element_type=\"widget\" data-widget_type=\"text-editor.default\">\n\t\t\t\t<div class=\"elementor-widget-container\">\n\t\t\t\t\t\t\t\t\t<p>La base de donn\u00e9es sur la culture mat\u00e9rielle des pays d&rsquo;Islam regroupe plus de 2000 objets produits sur l&rsquo;ensemble du territoire islamique entre le 7\u00e8me et le 20\u00e8me si\u00e8cle et conserv\u00e9s dans les collections publiques et priv\u00e9es.<\/p><p>Des fiches analytiques d\u00e9crivent, \u00e0 l\u2019aide d\u2019index scientifiques et hi\u00e9rarchis\u00e9s, les informations g\u00e9ographiques (lieu de production), mus\u00e9ographiques (lieu de conservation, num\u00e9ro inventaire), technologiques (fonction, forme, techniques de fa\u00e7onnage et mat\u00e9riaux) et d\u00e9coratives (composition, motifs) relatives \u00e0 chaque pi\u00e8ce.<\/p><p>La description dans une seule base de donn\u00e9es, selon les m\u00eames modalit\u00e9s et crit\u00e8res, de pi\u00e8ces dispers\u00e9es dans divers mus\u00e9es du monde et dans divers mat\u00e9riaux (bois, cristal de roche, c\u00e9ramique, ivoire, m\u00e9tal, textile, verre) offre la possibilit\u00e9 unique d\u2019interrogations multiples et crois\u00e9es.<\/p><p>Cette base est consultable au centre de documentation des Arts de l\u2019Islam sur rendez-vous uniquement.<\/p>\t\t\t\t\t\t\t\t<\/div>\n\t\t\t\t<\/div>\n\t\t\t\t\t<\/div>\n\t\t<\/div>\n\t\t\t\t\t<\/div>\n\t\t<\/section>\n\t\t\t\t<section class=\"elementor-section elementor-top-section elementor-element elementor-element-a0531dc elementor-section-boxed elementor-section-height-default elementor-section-height-default\" data-id=\"a0531dc\" data-element_type=\"section\">\n\t\t\t\t\t\t<div class=\"elementor-container elementor-column-gap-default\">\n\t\t\t\t\t<div class=\"elementor-column elementor-col-100 elementor-top-column elementor-element elementor-element-1149b48\" data-id=\"1149b48\" data-element_type=\"column\">\n\t\t\t<div class=\"elementor-widget-wrap elementor-element-populated\">\n\t\t\t\t\t\t<div class=\"elementor-element elementor-element-4177f9e elementor-align-center elementor-widget elementor-widget-button\" data-id=\"4177f9e\" data-element_type=\"widget\" data-widget_type=\"button.default\">\n\t\t\t\t<div class=\"elementor-widget-container\">\n\t\t\t\t\t\t\t\t\t<div class=\"elementor-button-wrapper\">\n\t\t\t\t\t<a class=\"elementor-button elementor-button-link elementor-size-sm\" href=\"https:\/\/mashreq-maghreb.sorbonne-universite.fr\/?page_id=130\">\n\t\t\t\t\t\t<span class=\"elementor-button-content-wrapper\">\n\t\t\t\t\t\t<span class=\"elementor-button-icon\">\n\t\t\t\t\t\t\t\t\t<i class=\"fa fa-calendar-check-o\" aria-hidden=\"true\"><\/i>\n\t\t\t\t\t\t\t<\/span>\n\t\t\t\t\t\t\t\t\t<span class=\"elementor-button-text\">Prendre rendez-vous<\/span>\n\t\t\t\t\t<\/span>\n\t\t\t\t\t<\/a>\n\t\t\t\t<\/div>\n\t\t\t\t\t\t\t\t<\/div>\n\t\t\t\t<\/div>\n\t\t\t\t\t<\/div>\n\t\t<\/div>\n\t\t\t\t\t<\/div>\n\t\t<\/section>\n\t\t\t\t<\/div>\n\t\t","protected":false},"excerpt":{"rendered":"<p>Carreau de c\u00e9ramique timourid, Asie Centrale, fin du XIVe si\u00e8cle La base de donn\u00e9es sur la culture mat\u00e9rielle des pays d&rsquo;Islam regroupe plus de 2000 objets produits sur l&rsquo;ensemble du territoire islamique entre le 7\u00e8me et le 20\u00e8me si\u00e8cle et conserv\u00e9s dans les collections publiques et priv\u00e9es. Des fiches analytiques d\u00e9crivent, \u00e0 l\u2019aide d\u2019index scientifiques et hi\u00e9rarchis\u00e9s, les informations g\u00e9ographiques (lieu de production), mus\u00e9ographiques (lieu de conservation, num\u00e9ro inventaire), technologiques (fonction, forme, techniques de fa\u00e7onnage et mat\u00e9riaux) et d\u00e9coratives (composition, motifs) relatives \u00e0 chaque pi\u00e8ce. La description dans une seule base de donn\u00e9es, selon les m\u00eames modalit\u00e9s et crit\u00e8res, de\u2026<\/p>\n","protected":false},"author":2,"featured_media":0,"parent":0,"menu_order":0,"comment_status":"closed","ping_status":"closed","template":"","meta":{"sfsi_plus_gutenberg_text_before_share":"","sfsi_plus_gutenberg_show_text_before_share":"","sfsi_plus_gutenberg_icon_type":"","sfsi_plus_gutenberg_icon_alignemt":"","sfsi_plus_gutenburg_max_per_row":"","footnotes":""},"class_list":["post-159","page","type-page","status-publish","hentry"],"_links":{"self":[{"href":"https:\/\/mashreq-maghreb.sorbonne-universite.fr\/index.php?rest_route=\/wp\/v2\/pages\/159","targetHints":{"allow":["GET"]}}],"collection":[{"href":"https:\/\/mashreq-maghreb.sorbonne-universite.fr\/index.php?rest_route=\/wp\/v2\/pages"}],"about":[{"href":"https:\/\/mashreq-maghreb.sorbonne-universite.fr\/index.php?rest_route=\/wp\/v2\/types\/page"}],"author":[{"embeddable":true,"href":"https:\/\/mashreq-maghreb.sorbonne-universite.fr\/index.php?rest_route=\/wp\/v2\/users\/2"}],"replies":[{"embeddable":true,"href":"https:\/\/mashreq-maghreb.sorbonne-universite.fr\/index.php?rest_route=%2Fwp%2Fv2%2Fcomments&post=159"}],"version-history":[{"count":22,"href":"https:\/\/mashreq-maghreb.sorbonne-universite.fr\/index.php?rest_route=\/wp\/v2\/pages\/159\/revisions"}],"predecessor-version":[{"id":807,"href":"https:\/\/mashreq-maghreb.sorbonne-universite.fr\/index.php?rest_route=\/wp\/v2\/pages\/159\/revisions\/807"}],"wp:attachment":[{"href":"https:\/\/mashreq-maghreb.sorbonne-universite.fr\/index.php?rest_route=%2Fwp%2Fv2%2Fmedia&parent=159"}],"curies":[{"name":"wp","href":"https:\/\/api.w.org\/{rel}","templated":true}]}}