{"id":165,"date":"2019-03-26T09:06:19","date_gmt":"2019-03-26T08:06:19","guid":{"rendered":"https:\/\/mashreq-maghreb.sorbonne-universite.fr\/?page_id=165"},"modified":"2019-10-10T14:44:22","modified_gmt":"2019-10-10T12:44:22","slug":"diapotheque","status":"publish","type":"page","link":"https:\/\/mashreq-maghreb.sorbonne-universite.fr\/?page_id=165","title":{"rendered":"Diapoth\u00e8que"},"content":{"rendered":"\t\t<div data-elementor-type=\"wp-post\" data-elementor-id=\"165\" class=\"elementor elementor-165\">\n\t\t\t\t\t\t<section class=\"elementor-section elementor-top-section elementor-element elementor-element-5c8750e elementor-section-boxed elementor-section-height-default elementor-section-height-default\" data-id=\"5c8750e\" data-element_type=\"section\">\n\t\t\t\t\t\t<div class=\"elementor-container elementor-column-gap-default\">\n\t\t\t\t\t<div class=\"elementor-column elementor-col-100 elementor-top-column elementor-element elementor-element-3380ef1\" data-id=\"3380ef1\" data-element_type=\"column\">\n\t\t\t<div class=\"elementor-widget-wrap elementor-element-populated\">\n\t\t\t\t\t\t<div class=\"elementor-element elementor-element-884ef3c elementor-widget elementor-widget-image\" data-id=\"884ef3c\" data-element_type=\"widget\" data-widget_type=\"image.default\">\n\t\t\t\t<div class=\"elementor-widget-container\">\n\t\t\t\t\t\t\t\t\t\t\t\t<figure class=\"wp-caption\">\n\t\t\t\t\t\t\t\t\t\t<img fetchpriority=\"high\" decoding=\"async\" width=\"1332\" height=\"495\" src=\"https:\/\/mashreq-maghreb.sorbonne-universite.fr\/wp-content\/uploads\/2019\/10\/001.png\" class=\"attachment-full size-full wp-image-803\" alt=\"\" srcset=\"https:\/\/mashreq-maghreb.sorbonne-universite.fr\/wp-content\/uploads\/2019\/10\/001.png 1332w, https:\/\/mashreq-maghreb.sorbonne-universite.fr\/wp-content\/uploads\/2019\/10\/001-300x111.png 300w, https:\/\/mashreq-maghreb.sorbonne-universite.fr\/wp-content\/uploads\/2019\/10\/001-768x285.png 768w, https:\/\/mashreq-maghreb.sorbonne-universite.fr\/wp-content\/uploads\/2019\/10\/001-1024x381.png 1024w\" sizes=\"(max-width: 1332px) 100vw, 1332px\" \/>\t\t\t\t\t\t\t\t\t\t\t<figcaption class=\"widget-image-caption wp-caption-text\">Panneau brod\u00e9 Suzani, Boukhara, fin du XIXe si\u00e8cle<\/figcaption>\n\t\t\t\t\t\t\t\t\t\t<\/figure>\n\t\t\t\t\t\t\t\t\t<\/div>\n\t\t\t\t<\/div>\n\t\t\t\t\t<\/div>\n\t\t<\/div>\n\t\t\t\t\t<\/div>\n\t\t<\/section>\n\t\t\t\t<section class=\"elementor-section elementor-top-section elementor-element elementor-element-517eb9c elementor-section-boxed elementor-section-height-default elementor-section-height-default\" data-id=\"517eb9c\" data-element_type=\"section\">\n\t\t\t\t\t\t<div class=\"elementor-container elementor-column-gap-default\">\n\t\t\t\t\t<div class=\"elementor-column elementor-col-100 elementor-top-column elementor-element elementor-element-a451796\" data-id=\"a451796\" data-element_type=\"column\">\n\t\t\t<div class=\"elementor-widget-wrap elementor-element-populated\">\n\t\t\t\t\t\t<div class=\"elementor-element elementor-element-4365336 elementor-widget elementor-widget-text-editor\" data-id=\"4365336\" data-element_type=\"widget\" data-widget_type=\"text-editor.default\">\n\t\t\t\t<div class=\"elementor-widget-container\">\n\t\t\t\t\t\t\t\t\t<p>La diapoth\u00e8que abrite une collection de plus de 60 000 diapositives sur les Arts de l\u2019Islam couvrant les domaines de l\u2019architecture, la miniature, l\u2019enluminure et la culture mat\u00e9rielle.<\/p><p>La collection est principalement orient\u00e9e sur l\u2019architecture religieuse et civil de l\u2019ensemble du monde islamique du 7\u00e8me au 17\u00e8me si\u00e8cle dont une part importante se compose de vues d\u00e9taill\u00e9es des monuments. Les clich\u00e9s proviennent de missions photographiques sp\u00e9cifiques, de dons de chercheurs ou de doctorants et d\u2019\u00e9changes.<\/p><p>La diapoth\u00e8que comporte \u00e9galement quelques 15 000 copies de peintures et d\u2019enluminures de manuscrits arabes, persans et turcs de biblioth\u00e8ques et collections publiques et priv\u00e9es.\u00a0<\/p><p>Le fonds est riche de 18 000 images d\u2019objets (c\u00e9ramique, m\u00e9tal, ivoire, cristal de roche, verre, bois) provenant principalement de copies d\u2019ouvrage ou de photographies faites dans les mus\u00e9es.<\/p><p>La diapoth\u00e8que est ouverte au public aux horaires du centre de documentation des Arts de l\u2019Islam.<\/p>\t\t\t\t\t\t\t\t<\/div>\n\t\t\t\t<\/div>\n\t\t\t\t<div class=\"elementor-element elementor-element-0068102 elementor-align-center elementor-widget elementor-widget-button\" data-id=\"0068102\" data-element_type=\"widget\" data-widget_type=\"button.default\">\n\t\t\t\t<div class=\"elementor-widget-container\">\n\t\t\t\t\t\t\t\t\t<div class=\"elementor-button-wrapper\">\n\t\t\t\t\t<a class=\"elementor-button elementor-button-link elementor-size-sm\" href=\"https:\/\/mashreq-maghreb.sorbonne-universite.fr\/?page_id=130\">\n\t\t\t\t\t\t<span class=\"elementor-button-content-wrapper\">\n\t\t\t\t\t\t<span class=\"elementor-button-icon\">\n\t\t\t\t\t\t\t\t\t<i class=\"fa fa-calendar-check-o\" aria-hidden=\"true\"><\/i>\n\t\t\t\t\t\t\t<\/span>\n\t\t\t\t\t\t\t\t\t<span class=\"elementor-button-text\">Prendre rendez-vous<\/span>\n\t\t\t\t\t<\/span>\n\t\t\t\t\t<\/a>\n\t\t\t\t<\/div>\n\t\t\t\t\t\t\t\t<\/div>\n\t\t\t\t<\/div>\n\t\t\t\t\t<\/div>\n\t\t<\/div>\n\t\t\t\t\t<\/div>\n\t\t<\/section>\n\t\t\t\t<section class=\"elementor-section elementor-top-section elementor-element elementor-element-668c069 elementor-section-boxed elementor-section-height-default elementor-section-height-default\" data-id=\"668c069\" data-element_type=\"section\">\n\t\t\t\t\t\t<div class=\"elementor-container elementor-column-gap-default\">\n\t\t\t\t\t<div class=\"elementor-column elementor-col-100 elementor-top-column elementor-element elementor-element-0bac095\" data-id=\"0bac095\" data-element_type=\"column\">\n\t\t\t<div class=\"elementor-widget-wrap\">\n\t\t\t\t\t\t\t<\/div>\n\t\t<\/div>\n\t\t\t\t\t<\/div>\n\t\t<\/section>\n\t\t\t\t<\/div>\n\t\t","protected":false},"excerpt":{"rendered":"<p>Panneau brod\u00e9 Suzani, Boukhara, fin du XIXe si\u00e8cle La diapoth\u00e8que abrite une collection de plus de 60 000 diapositives sur les Arts de l\u2019Islam couvrant les domaines de l\u2019architecture, la miniature, l\u2019enluminure et la culture mat\u00e9rielle. La collection est principalement orient\u00e9e sur l\u2019architecture religieuse et civil de l\u2019ensemble du monde islamique du 7\u00e8me au 17\u00e8me si\u00e8cle dont une part importante se compose de vues d\u00e9taill\u00e9es des monuments. Les clich\u00e9s proviennent de missions photographiques sp\u00e9cifiques, de dons de chercheurs ou de doctorants et d\u2019\u00e9changes. La diapoth\u00e8que comporte \u00e9galement quelques 15 000 copies de peintures et d\u2019enluminures de manuscrits arabes, persans et\u2026<\/p>\n","protected":false},"author":2,"featured_media":0,"parent":0,"menu_order":0,"comment_status":"closed","ping_status":"closed","template":"","meta":{"sfsi_plus_gutenberg_text_before_share":"","sfsi_plus_gutenberg_show_text_before_share":"","sfsi_plus_gutenberg_icon_type":"","sfsi_plus_gutenberg_icon_alignemt":"","sfsi_plus_gutenburg_max_per_row":"","footnotes":""},"class_list":["post-165","page","type-page","status-publish","hentry"],"_links":{"self":[{"href":"https:\/\/mashreq-maghreb.sorbonne-universite.fr\/index.php?rest_route=\/wp\/v2\/pages\/165","targetHints":{"allow":["GET"]}}],"collection":[{"href":"https:\/\/mashreq-maghreb.sorbonne-universite.fr\/index.php?rest_route=\/wp\/v2\/pages"}],"about":[{"href":"https:\/\/mashreq-maghreb.sorbonne-universite.fr\/index.php?rest_route=\/wp\/v2\/types\/page"}],"author":[{"embeddable":true,"href":"https:\/\/mashreq-maghreb.sorbonne-universite.fr\/index.php?rest_route=\/wp\/v2\/users\/2"}],"replies":[{"embeddable":true,"href":"https:\/\/mashreq-maghreb.sorbonne-universite.fr\/index.php?rest_route=%2Fwp%2Fv2%2Fcomments&post=165"}],"version-history":[{"count":8,"href":"https:\/\/mashreq-maghreb.sorbonne-universite.fr\/index.php?rest_route=\/wp\/v2\/pages\/165\/revisions"}],"predecessor-version":[{"id":809,"href":"https:\/\/mashreq-maghreb.sorbonne-universite.fr\/index.php?rest_route=\/wp\/v2\/pages\/165\/revisions\/809"}],"wp:attachment":[{"href":"https:\/\/mashreq-maghreb.sorbonne-universite.fr\/index.php?rest_route=%2Fwp%2Fv2%2Fmedia&parent=165"}],"curies":[{"name":"wp","href":"https:\/\/api.w.org\/{rel}","templated":true}]}}