{"id":291,"date":"2019-03-27T09:29:11","date_gmt":"2019-03-27T08:29:11","guid":{"rendered":"https:\/\/mashreq-maghreb.sorbonne-universite.fr\/?page_id=291"},"modified":"2025-11-18T21:02:32","modified_gmt":"2025-11-18T20:02:32","slug":"accueil","status":"publish","type":"page","link":"https:\/\/mashreq-maghreb.sorbonne-universite.fr\/","title":{"rendered":""},"content":{"rendered":"\t\t<div data-elementor-type=\"wp-post\" data-elementor-id=\"291\" class=\"elementor elementor-291\">\n\t\t\t\t\t\t<section class=\"elementor-section elementor-top-section elementor-element elementor-element-5247d04e elementor-section-boxed elementor-section-height-default elementor-section-height-default\" data-id=\"5247d04e\" data-element_type=\"section\">\n\t\t\t\t\t\t<div class=\"elementor-container elementor-column-gap-default\">\n\t\t\t\t\t<div class=\"elementor-column elementor-col-100 elementor-top-column elementor-element elementor-element-75c64c37\" data-id=\"75c64c37\" data-element_type=\"column\">\n\t\t\t<div class=\"elementor-widget-wrap elementor-element-populated\">\n\t\t\t\t\t\t\t<\/div>\n\t\t<\/div>\n\t\t\t\t\t<\/div>\n\t\t<\/section>\n\t\t\t\t<section class=\"elementor-section elementor-top-section elementor-element elementor-element-f10a2b2 elementor-section-boxed elementor-section-height-default elementor-section-height-default\" data-id=\"f10a2b2\" data-element_type=\"section\">\n\t\t\t\t\t\t<div class=\"elementor-container elementor-column-gap-default\">\n\t\t\t\t\t<div class=\"elementor-column elementor-col-100 elementor-top-column elementor-element elementor-element-37c2a4d\" data-id=\"37c2a4d\" data-element_type=\"column\">\n\t\t\t<div class=\"elementor-widget-wrap elementor-element-populated\">\n\t\t\t\t\t\t<div class=\"elementor-element elementor-element-9a62f6b elementor-arrows-position-inside elementor-pagination-position-outside elementor-widget elementor-widget-image-carousel\" data-id=\"9a62f6b\" data-element_type=\"widget\" data-settings=\"{&quot;slides_to_show&quot;:&quot;1&quot;,&quot;navigation&quot;:&quot;both&quot;,&quot;autoplay&quot;:&quot;yes&quot;,&quot;pause_on_hover&quot;:&quot;yes&quot;,&quot;pause_on_interaction&quot;:&quot;yes&quot;,&quot;autoplay_speed&quot;:5000,&quot;infinite&quot;:&quot;yes&quot;,&quot;effect&quot;:&quot;slide&quot;,&quot;speed&quot;:500}\" data-widget_type=\"image-carousel.default\">\n\t\t\t\t<div class=\"elementor-widget-container\">\n\t\t\t\t\t\t\t<div class=\"elementor-image-carousel-wrapper swiper\" role=\"region\" aria-roledescription=\"carousel\" aria-label=\"Carrousel d\u2019images\" dir=\"ltr\">\n\t\t\t<div class=\"elementor-image-carousel swiper-wrapper\" aria-live=\"off\">\n\t\t\t\t\t\t\t\t<div class=\"swiper-slide\" role=\"group\" aria-roledescription=\"slide\" aria-label=\"1 sur 3\"><a data-elementor-open-lightbox=\"yes\" data-elementor-lightbox-slideshow=\"9a62f6b\" data-elementor-lightbox-title=\"ArchiDecor\" data-e-action-hash=\"#elementor-action%3Aaction%3Dlightbox%26settings%3DeyJpZCI6NTc5LCJ1cmwiOiJodHRwczpcL1wvbWFzaHJlcS1tYWdocmViLnNvcmJvbm5lLXVuaXZlcnNpdGUuZnJcL3dwLWNvbnRlbnRcL3VwbG9hZHNcLzIwMTlcLzA1XC9BcmNoaURlY29yLmpwZyIsInNsaWRlc2hvdyI6IjlhNjJmNmIifQ%3D%3D\" href=\"https:\/\/mashreq-maghreb.sorbonne-universite.fr\/?page_id=156\"><figure class=\"swiper-slide-inner\"><img decoding=\"async\" class=\"swiper-slide-image\" src=\"https:\/\/mashreq-maghreb.sorbonne-universite.fr\/wp-content\/uploads\/2019\/05\/ArchiDecor.jpg\" alt=\"ArchiDecor\" \/><\/figure><\/a><\/div><div class=\"swiper-slide\" role=\"group\" aria-roledescription=\"slide\" aria-label=\"2 sur 3\"><a data-elementor-open-lightbox=\"yes\" data-elementor-lightbox-slideshow=\"9a62f6b\" data-elementor-lightbox-title=\"bandeauNew02\" data-e-action-hash=\"#elementor-action%3Aaction%3Dlightbox%26settings%3DeyJpZCI6NTY1LCJ1cmwiOiJodHRwczpcL1wvbWFzaHJlcS1tYWdocmViLnNvcmJvbm5lLXVuaXZlcnNpdGUuZnJcL3dwLWNvbnRlbnRcL3VwbG9hZHNcLzIwMTlcLzA1XC9iYW5kZWF1TmV3MDIuanBnIiwic2xpZGVzaG93IjoiOWE2MmY2YiJ9\" href=\"https:\/\/mashreq-maghreb.sorbonne-universite.fr\/?page_id=156\"><figure class=\"swiper-slide-inner\"><img decoding=\"async\" class=\"swiper-slide-image\" src=\"https:\/\/mashreq-maghreb.sorbonne-universite.fr\/wp-content\/uploads\/2019\/05\/bandeauNew02.jpg\" alt=\"bandeauNew02\" \/><\/figure><\/a><\/div><div class=\"swiper-slide\" role=\"group\" aria-roledescription=\"slide\" aria-label=\"3 sur 3\"><a data-elementor-open-lightbox=\"yes\" data-elementor-lightbox-slideshow=\"9a62f6b\" data-elementor-lightbox-title=\"bandeauNew03-bd\" data-e-action-hash=\"#elementor-action%3Aaction%3Dlightbox%26settings%3DeyJpZCI6NTg2LCJ1cmwiOiJodHRwczpcL1wvbWFzaHJlcS1tYWdocmViLnNvcmJvbm5lLXVuaXZlcnNpdGUuZnJcL3dwLWNvbnRlbnRcL3VwbG9hZHNcLzIwMTlcLzA1XC9iYW5kZWF1TmV3MDMtYmQuanBnIiwic2xpZGVzaG93IjoiOWE2MmY2YiJ9\" href=\"https:\/\/mashreq-maghreb.sorbonne-universite.fr\/?page_id=156\"><figure class=\"swiper-slide-inner\"><img decoding=\"async\" class=\"swiper-slide-image\" src=\"https:\/\/mashreq-maghreb.sorbonne-universite.fr\/wp-content\/uploads\/2019\/05\/bandeauNew03-bd.jpg\" alt=\"bandeauNew03-bd\" \/><\/figure><\/a><\/div>\t\t\t<\/div>\n\t\t\t\t\t\t\t\t\t\t\t\t<div class=\"elementor-swiper-button elementor-swiper-button-prev\" role=\"button\" tabindex=\"0\">\n\t\t\t\t\t\t<i aria-hidden=\"true\" class=\"eicon-chevron-left\"><\/i>\t\t\t\t\t<\/div>\n\t\t\t\t\t<div class=\"elementor-swiper-button elementor-swiper-button-next\" role=\"button\" tabindex=\"0\">\n\t\t\t\t\t\t<i aria-hidden=\"true\" class=\"eicon-chevron-right\"><\/i>\t\t\t\t\t<\/div>\n\t\t\t\t\n\t\t\t\t\t\t\t\t\t<div class=\"swiper-pagination\"><\/div>\n\t\t\t\t\t\t\t\t\t<\/div>\n\t\t\t\t\t\t<\/div>\n\t\t\t\t<\/div>\n\t\t\t\t\t<\/div>\n\t\t<\/div>\n\t\t\t\t\t<\/div>\n\t\t<\/section>\n\t\t\t\t<section class=\"elementor-section elementor-top-section elementor-element elementor-element-4ebcb19 elementor-section-boxed elementor-section-height-default elementor-section-height-default\" data-id=\"4ebcb19\" data-element_type=\"section\">\n\t\t\t\t\t\t<div class=\"elementor-container elementor-column-gap-default\">\n\t\t\t\t\t<div class=\"elementor-column elementor-col-100 elementor-top-column elementor-element elementor-element-182ddd6\" data-id=\"182ddd6\" data-element_type=\"column\">\n\t\t\t<div class=\"elementor-widget-wrap elementor-element-populated\">\n\t\t\t\t\t\t<div class=\"elementor-element elementor-element-10a6308 elementor-widget elementor-widget-text-editor\" data-id=\"10a6308\" data-element_type=\"widget\" data-widget_type=\"text-editor.default\">\n\t\t\t\t<div class=\"elementor-widget-container\">\n\t\t\t\t\t\t\t\t\t<p>Mashreq-Maghreb est un programme du laboratoire \u00ab Islam m\u00e9di\u00e9val \u00bb de l\u2019UMR 8167-Orient et M\u00e9diterran\u00e9e.\u00a0Issu d\u2019une initiative franco-allemande, ce programme a pour principal objectif d\u2019offrir \u00e0 la communaut\u00e9 des chercheurs et doctorants une riche documentation visuelle concernant l\u2019art islamique (architecture, arts du livre et arts mobiliers) de l\u2019Espagne \u00e0 l\u2019Inde, du 7\u00e8me au 19\u00e8me si\u00e8cle.<\/p>\t\t\t\t\t\t\t\t<\/div>\n\t\t\t\t<\/div>\n\t\t\t\t\t<\/div>\n\t\t<\/div>\n\t\t\t\t\t<\/div>\n\t\t<\/section>\n\t\t\t\t<\/div>\n\t\t","protected":false},"excerpt":{"rendered":"<p>Mashreq-Maghreb est un programme du laboratoire \u00ab Islam m\u00e9di\u00e9val \u00bb de l\u2019UMR 8167-Orient et M\u00e9diterran\u00e9e.\u00a0Issu d\u2019une initiative franco-allemande, ce programme a pour principal objectif d\u2019offrir \u00e0 la communaut\u00e9 des chercheurs et doctorants une riche documentation visuelle concernant l\u2019art islamique (architecture, arts du livre et arts mobiliers) de l\u2019Espagne \u00e0 l\u2019Inde, du 7\u00e8me au 19\u00e8me si\u00e8cle.<\/p>\n","protected":false},"author":2,"featured_media":0,"parent":0,"menu_order":0,"comment_status":"closed","ping_status":"closed","template":"","meta":{"sfsi_plus_gutenberg_text_before_share":"","sfsi_plus_gutenberg_show_text_before_share":"","sfsi_plus_gutenberg_icon_type":"","sfsi_plus_gutenberg_icon_alignemt":"","sfsi_plus_gutenburg_max_per_row":"","footnotes":""},"class_list":["post-291","page","type-page","status-publish","hentry"],"_links":{"self":[{"href":"https:\/\/mashreq-maghreb.sorbonne-universite.fr\/index.php?rest_route=\/wp\/v2\/pages\/291","targetHints":{"allow":["GET"]}}],"collection":[{"href":"https:\/\/mashreq-maghreb.sorbonne-universite.fr\/index.php?rest_route=\/wp\/v2\/pages"}],"about":[{"href":"https:\/\/mashreq-maghreb.sorbonne-universite.fr\/index.php?rest_route=\/wp\/v2\/types\/page"}],"author":[{"embeddable":true,"href":"https:\/\/mashreq-maghreb.sorbonne-universite.fr\/index.php?rest_route=\/wp\/v2\/users\/2"}],"replies":[{"embeddable":true,"href":"https:\/\/mashreq-maghreb.sorbonne-universite.fr\/index.php?rest_route=%2Fwp%2Fv2%2Fcomments&post=291"}],"version-history":[{"count":20,"href":"https:\/\/mashreq-maghreb.sorbonne-universite.fr\/index.php?rest_route=\/wp\/v2\/pages\/291\/revisions"}],"predecessor-version":[{"id":829,"href":"https:\/\/mashreq-maghreb.sorbonne-universite.fr\/index.php?rest_route=\/wp\/v2\/pages\/291\/revisions\/829"}],"wp:attachment":[{"href":"https:\/\/mashreq-maghreb.sorbonne-universite.fr\/index.php?rest_route=%2Fwp%2Fv2%2Fmedia&parent=291"}],"curies":[{"name":"wp","href":"https:\/\/api.w.org\/{rel}","templated":true}]}}